{"id":978,"date":"2014-09-12T17:13:49","date_gmt":"2014-09-12T17:13:49","guid":{"rendered":"http:\/\/veented.com\/themes\/north\/?page_id=978"},"modified":"2022-04-18T09:25:03","modified_gmt":"2022-04-18T06:25:03","slug":"home13","status":"publish","type":"page","link":"https:\/\/ayhanbalik.com\/","title":{"rendered":"Home13"},"content":{"rendered":"<p>[vc_row el_id=&#8221;first&#8221; bg_rain=&#8221;yes&#8221; content_width=&#8221;fullwidth&#8221; fullscreen=&#8221;yes&#8221; css=&#8221;.vc_custom_1618223780078{padding-top: 0px !important;padding-right: 0px !important;padding-bottom: 0px !important;padding-left: 0px !important;background-image: url(https:\/\/ayhanbalik.com\/wp-content\/uploads\/2021\/04\/ayhanbalik.jpg?id=2005) !important;}&#8221; fullwidth=&#8221;yes&#8221; row_width=&#8221;fullwidth&#8221;][vc_column]<div id=\"fullscreen-5983\" class=\"vntd-fullscreen-slider fullscreen-slider-style1\" style=\"height:600px;\">\n\t<style type=\"text\/css\">\n\n\t#fullscreen-5983 .slides-container .image1 { background-image:url(); }\n\t<\/style>\n\t<!-- Ful Screen Home -->\n\t<div class=\"fullscreen-slider\">\n\t\t<!-- Slides -->\n\t\t\t<\/div>\n\t<!-- End Ful Screen Home -->\n\n\t<!-- Home Elements v1 -->\n\t<div class=\"home-elements\">\n\t\t<!-- Home Inner -->\n\n\t\t\n\t\t<!-- Home Inner -->\n\t\t<div class=\"home-inner v2 t-center\">\n\n\t\t\t\n\t\t\t<!-- Home Text Slider -->\n\t\t\t<div class=\"home-text-slider relative\" >\n\t\t\t\t<div class=\"clearfix\">\n\t\t\t\t\t<!-- Home Text Slides -->\n\t\t\t\t\t<ul class=\"home-texts clearfix t-center semibold\">\n\t\t\t\t\t\t<li class=\"slide white uppercase\"><\/li>\t\t\t\t\t<\/ul>\n\t\t\t\t\t<!-- End Home Text Slides -->\n\t\t\t\t\t<!-- Home Fixed Text -->\n\t\t\t<h1 class=\"home-fixed-text t-center\"><\/h1>\n\t\t\t\t<\/div>\n\t\t\t<\/div>\n\t\t\t<!-- End Home Text Slider -->\n\n\t\t\t\n\t\t\t\t\t<\/div><!-- End Home Inner -->\n\n\t\t\t<\/div><!-- End Home Elements -->\n\n\t<\/div>[\/vc_column][\/vc_row][vc_row color_scheme=&#8221;white&#8221; css=&#8221;.vc_custom_1618171345220{padding-top: 0px !important;padding-bottom: 0px !important;background-color: #1f1f1f !important;}&#8221;][vc_column width=&#8221;1\/2&#8243;]<div class=\"vntd-cta vntd-cta-style-default\"><div class=\"content-left white\"><h1 class=\"content-head\">Ayhan BALIK<\/h1><p class=\"subtitle-text\">D : 16 Aral\u0131k 1963 - Amasya - Hamam\u00f6z\u00fc<br \/>\n\u00d6 : 10 Nisan 2021 - ISTANBUL<\/p><\/div><\/div>[\/vc_column][vc_column width=&#8221;1\/2&#8243;][vc_raw_html]JTNDQlIlM0UlM0MlMkZCUiUzRSUwQSUzQ0JSJTNFJTNDJTJGQlIlM0UlM0NwJTIwYWxpZ24lM0QlMjJyaWdodCUyMiUzRSUzQ3NjcmlwdCUyMGxhbmd1YWdlJTNEJTIySmF2YVNjcmlwdDEuMiUyMiUzRSUwQWZ1bmN0aW9uJTIwc2V0Y291bnR1cCUyOHRoZXllYXIlMkN0aGVtb250aCUyQ3RoZWRheSUyOSU3QiUwQXlyJTNEdGhleWVhciUzQm1vJTNEdGhlbW9udGglM0JkYSUzRHRoZWRheSUwQSU3RCUwQSUyRiUyRlRhcmloaSUyMGElQzUlOUZhJUM0JTlGJUM0JUIxZGFraSUyMHBhcmFudGV6bGVyJTIwaSVDMyVBN2luZSUyMHklQzQlQjFsJTJDYXklMkNnJUMzJUJDbiUyMG9sYXJhayUyMHlheiVDNCVCMW4uJTBBc2V0Y291bnR1cCUyODIwMjElMkMwNCUyQzEwJTI5JTIwJTBBdmFyJTIwZGlzcGxheW1lc3NhZ2UlM0QlMjIlMjBTZXZnaSUyQyUyMHNheWclQzQlQjElMjBtaW5uZXRsZSUyMHZlJTIwaGFzcmV0bGUlMjBhbiVDNCVCMXlvcnV6LiUyMiUwQXZhciUyMGNvdW50dXB3aWR0aCUzRCUyNzk1JTI1JTI3JTBBdmFyJTIwY291bnR1cGhlaWdodCUzRCUyNzIwcHglMjclMjAlMEF2YXIlMjBjb3VudHVwYmdjb2xvciUzRCUyN2FsdDElMjclMEF2YXIlMjBvcGVudGFncyUzRCUyNyUzQ3NwYW4lMjBjbGFzcyUzRCUyMml0YWxpYyUyMGJvbGQlMjIlM0UlMjclMEF2YXIlMjBjbG9zZXRhZ3MlM0QlMjclM0MlMkZzcGFuJTNFJTI3JTBBdmFyJTIwbW9udGhhcnJheSUzRG5ldyUyMEFycmF5JTI4JTIySmFuJTIyJTJDJTIyRmViJTIyJTJDJTIyTWFyJTIyJTJDJTIyQXByJTIyJTJDJTIyTWF5JTIyJTJDJTIySnVuJTIyJTJDJTIySnVsJTIyJTJDJTIyQXVnJTIyJTJDJTIyU2VwJTIyJTJDJTIyT2N0JTIyJTJDJTIyTm92JTIyJTJDJTIyRGVjJTIyJTI5JTBBdmFyJTIwY3Jvc3Njb3VudCUzRCUyNyUyNyUwQWZ1bmN0aW9uJTIwc3RhcnRfY291bnR1cCUyOCUyOSU3QiUwQWlmJTIwJTI4ZG9jdW1lbnQubGF5ZXJzJTI5JTBBZG9jdW1lbnQuY291bnR1cG5zbWFpbi52aXNpYmlsaXR5JTNEJTIyc2hvdyUyMiUwQWVsc2UlMjBpZiUyMCUyOGRvY3VtZW50LmFsbCU3QyU3Q2RvY3VtZW50LmdldEVsZW1lbnRCeUlkJTI5JTBBY3Jvc3Njb3VudCUzRGRvY3VtZW50LmdldEVsZW1lbnRCeUlkJTI2JTI2JTIxZG9jdW1lbnQuYWxsJTNGZG9jdW1lbnQuZ2V0RWxlbWVudEJ5SWQlMjglMjJjb3VudHVwaWUlMjIlMjklMjAlM0ElMjBjb3VudHVwaWUlMEFjb3VudHVwJTI4JTI5JTBBJTdEJTBBaWYlMjAlMjhkb2N1bWVudC5hbGwlN0MlN0Nkb2N1bWVudC5nZXRFbGVtZW50QnlJZCUyOSUwQWRvY3VtZW50LndyaXRlJTI4JTI3JTNDc3BhbiUyMGlkJTNEJTIyY291bnR1cGllJTIyJTIwc3R5bGUlM0QlMjJ3aWR0aCUzQSUyNyUyQmNvdW50dXB3aWR0aCUyQiUyNyUzQiUyMGJhY2tncm91bmQtY29sb3IlM0ElMjclMkJjb3VudHVwYmdjb2xvciUyQiUyNyUyMiUzRSUzQyUyRnNwYW4lM0UlMjclMjklMEF3aW5kb3cub25sb2FkJTNEc3RhcnRfY291bnR1cCUwQSUwQWZ1bmN0aW9uJTIwY291bnR1cCUyOCUyOSU3QiUwQXZhciUyMHRvZGF5JTNEbmV3JTIwRGF0ZSUyOCUyOSUwQXZhciUyMHRvZGF5eSUzRHRvZGF5LmdldFllYXIlMjglMjklMEFpZiUyMCUyOHRvZGF5eSUyMCUzQyUyMDEwMDAlMjklMEF0b2RheXklMkIlM0QxOTAwJTBBdmFyJTIwdG9kYXltJTNEdG9kYXkuZ2V0TW9udGglMjglMjklMEF2YXIlMjB0b2RheWQlM0R0b2RheS5nZXREYXRlJTI4JTI5JTBBdmFyJTIwdG9kYXloJTNEdG9kYXkuZ2V0SG91cnMlMjglMjklMEF2YXIlMjB0b2RheW1pbiUzRHRvZGF5LmdldE1pbnV0ZXMlMjglMjklMEF2YXIlMjB0b2RheXNlYyUzRHRvZGF5LmdldFNlY29uZHMlMjglMjklMEF2YXIlMjB0b2RheXN0cmluZyUzRG1vbnRoYXJyYXklNUJ0b2RheW0lNUQlMkIlMjIlMjAlMjIlMkJ0b2RheWQlMkIlMjIlMkMlMjAlMjIlMkJ0b2RheXklMkIlMjIlMjAlMjIlMkJ0b2RheWglMkIlMjIlM0ElMjIlMkJ0b2RheW1pbiUyQiUyMiUzQSUyMiUyQnRvZGF5c2VjJTBBcGFzdHN0cmluZyUzRG1vbnRoYXJyYXklNUJtby0xJTVEJTJCJTIyJTIwJTIyJTJCZGElMkIlMjIlMkMlMjAlMjIlMkJ5ciUwQWRkJTNERGF0ZS5wYXJzZSUyOHRvZGF5c3RyaW5nJTI5LURhdGUucGFyc2UlMjhwYXN0c3RyaW5nJTI5JTBBZGRheSUzRE1hdGguZmxvb3IlMjhkZCUyRiUyODYwJTJBNjAlMkExMDAwJTJBMjQlMjklMkExJTI5JTBBZGhvdXIlM0RNYXRoLmZsb29yJTI4JTI4ZGQlMjUlMjg2MCUyQTYwJTJBMTAwMCUyQTI0JTI5JTI5JTJGJTI4NjAlMkE2MCUyQTEwMDAlMjklMkExJTI5JTBBZG1pbiUzRE1hdGguZmxvb3IlMjglMjglMjhkZCUyNSUyODYwJTJBNjAlMkExMDAwJTJBMjQlMjklMjklMjUlMjg2MCUyQTYwJTJBMTAwMCUyOSUyOSUyRiUyODYwJTJBMTAwMCUyOSUyQTElMjklMEFkc2VjJTNETWF0aC5mbG9vciUyOCUyOCUyOCUyOGRkJTI1JTI4NjAlMkE2MCUyQTEwMDAlMkEyNCUyOSUyOSUyNSUyODYwJTJBNjAlMkExMDAwJTI5JTI5JTI1JTI4NjAlMkExMDAwJTI5JTI5JTJGMTAwMCUyQTElMjklMEFpZiUyMCUyOGRvY3VtZW50LmxheWVycyUyOSU3QiUwQWRvY3VtZW50LmNvdW50dXBuc21haW4uZG9jdW1lbnQuY291bnR1cG5zc3ViLmRvY3VtZW50LndyaXRlJTI4b3BlbnRhZ3MlMkJkZGF5JTJCJTIwJTIyZyVDMyVCQ24lMkMlMjAlMjIlMkJkaG91ciUyQiUyMiUyMHNhYXQlMkMlMjAlMjIlMkJkbWluJTJCJTIyJTIwJTIyJTJCZGlzcGxheW1lc3NhZ2UlMkJjbG9zZXRhZ3MlMjklMEFkb2N1bWVudC5jb3VudHVwbnNtYWluLmRvY3VtZW50LmNvdW50dXBuc3N1Yi5kb2N1bWVudC5jbG9zZSUyOCUyOSUwQSU3RCUwQWVsc2UlMjBpZiUyMCUyOGRvY3VtZW50LmFsbCU3QyU3Q2RvY3VtZW50LmdldEVsZW1lbnRCeUlkJTI5JTBBY3Jvc3Njb3VudC5pbm5lckhUTUwlM0RvcGVudGFncyUyQmRkYXklMkIlMjAlMjIlMjBHJUMzJUJDbiUyQyUyMCUyMiUyQmRob3VyJTJCJTIyJTIwU2FhdCUyQyUyMCUyMiUyQmRtaW4lMkIlMjIlMjBEYWtpa2FkJUM0JUIxciUyMCUyMiUyQmRpc3BsYXltZXNzYWdlJTJCY2xvc2V0YWdzJTBBc2V0VGltZW91dCUyOCUyMmNvdW50dXAlMjglMjklMjIlMkMxMDAwJTI5JTBBJTdEJTBBJTNDJTJGc2NyaXB0JTNFJTNDJTJGcCUzRQ==[\/vc_raw_html][\/vc_column][\/vc_row][vc_row el_id=&#8221;about&#8221;][vc_column width=&#8221;1\/2&#8243;][vc_column_text]<\/p>\n<h3><\/h3>\n<h3 style=\"text-align: left;\"><em><strong>SAYIN<\/strong><\/em><\/h3>\n<h3 style=\"text-align: left;\"><em><strong>AYHAN BALIK<\/strong><\/em><\/h3>\n<h4 style=\"text-align: left;\"><em><strong>AYHAN BALIK 16 Aral\u0131k 1963 tarihinde Amasya\u2019da d\u00fcnyaya gelmi\u015ftir. 1979 y\u0131l\u0131nda Merzifon End\u00fcstri Meslek Lisesi A\u011fa\u00e7 \u0130\u015fleri B\u00f6l\u00fcm\u00fcnden mezun olan BALIK T\u00fcrk Hava Yollar\u0131 Teknik A.\u015e. ailesine 1986 y\u0131l\u0131nda teknisyen olarak kat\u0131lm\u0131\u015ft\u0131r. AYHAN BALIK, kabin i\u00e7i at\u00f6lyesinin farkl\u0131 birimlerinde 26 y\u0131l s\u00fcreyle hizmet verdikten sonra 2012 y\u0131l\u0131nda ba\u015fteknisyen unvan\u0131yla emekli olmu\u015ftur.<\/strong><\/em><\/h4>\n<h4 style=\"text-align: left;\"><em><strong>2013 y\u0131l\u0131nda TCI Kabin \u0130\u00e7i Sistemleri b\u00fcnyesinde ba\u015fteknisyen olarak \u00e7al\u0131\u015fmaya ba\u015flayan Ayhan BALIK, 10 Nisan 2021 tarihinde aram\u0131zdan ayr\u0131lana kadar, T\u00fcrk Hava Yollar\u0131 Kabin servis Sim\u00fclat\u00f6r\u00fc (CST) projesinin tasar\u0131m, \u00fcretim ve montaj s\u00fcre\u00e7lerinin t\u00fcm koordinasyonunu ba\u015far\u0131yla yerine getirmi\u015ftir.<\/strong><\/em><\/h4>\n<h4 style=\"text-align: left;\"><\/h4>\n<h4 style=\"text-align: left;\"><em><strong>K\u0130\u015e\u0130L\u0130\u011e\u0130 VE \u00c7ALI\u015eMA AZM\u0130 \u0130LE HER ZAMAN \u00d6RNEK OLMAYI BA\u015eARMI\u015e SAYIN AYHAN BALIK\u2019I SAYGI, M\u0130NNET VE RAHMETLE ANIYORUZ.<\/strong><\/em><\/h4>\n<p>[\/vc_column_text][vc_row_inner][vc_column_inner][\/vc_column_inner][\/vc_row_inner][\/vc_column][vc_column width=&#8221;1\/2&#8243;][vc_column_text]<\/p>\n<h3><\/h3>\n<h3 style=\"text-align: right;\"><strong><em>ESTEEMED COLLEAGUE<\/em><\/strong><\/h3>\n<h3 style=\"text-align: right;\"><strong><em>AYHAN BALIK<\/em><\/strong><\/h3>\n<h4 style=\"text-align: right;\"><strong><em>AYHAN BALIK WAS BORN ON 16 DECEMBER 1963 IN AMASYA. HE GRADUATED FROM MERZIFON TECHNICAL HIGH SCHOOL WOODWORKING SECTION IN 1979 AND JOINED TURKISH AIRLINES TECHNIC FAMILY IN 1986 AS A TECHNICIAN. AFTER SERVING IN VARIOUS UNITS OF THE CABIN INTERIOR WORKSHOP FOR 26 YEARS, AYHAN BALIK RETIRED IN 2012 WITH THE TITLE OF CHIEF TECHNICIAN.<\/em><\/strong><\/h4>\n<h4 style=\"text-align: right;\"><strong><em>AYHAN BALIK STARTED TO WORK IN TCI TURKISH CABIN INTERIOR INC. IN 2013 AS CHIEF TECHNICIAN AND SUCCESFULLY COORDINATED ALL DESIGN, PRODUCTION AND ASSEMBLY PROCESSES OF THE TURKISH AIRLINES CABIN SERVICE TRAINER (CST) PROJECT UNTIL HE LEFT US ON 10 APRIL 2021.<\/em><\/strong><\/h4>\n<h4 style=\"text-align: right;\"><strong><em>WE REMEMBER AYHAN BALIK WITH RESPECT AND GRATITUDE, BELIEVING THAT HE HAS ALWAYS BEEN AN EXEMPLARY PERSON WITH HIS PERSONALITY AND WORKING DETERMINATION.<\/em><\/strong><\/h4>\n<p>[\/vc_column_text][\/vc_column][\/vc_row][vc_row][vc_column][vc_raw_html]JTNDcCUyMGNsYXNzJTNEJTIyaGFzLXRleHQtYWxpZ24tY2VudGVyJTIwaGFzLW1lZGl1bS1mb250LXNpemUlMjIlM0UlM0NzdHJvbmclM0VTZXZraXlhdCUyMEdlY2VzaSUyMCU3QyUzQyUyRnN0cm9uZyUzRSUyMCUzQ3N0cm9uZyUzRTIyLjA3LjIwMTglMjAtJTIwMjAlM0ExMyUzQyUyRnN0cm9uZyUzRSUzQyUyRnAlM0UlMEElMEElNUJhaW92Z192aWRlbyUyMG1wNCUzRCUyMmh0dHAlM0ElMkYlMkZheWhhbmJhbGlrLmNvbSUyRndwLWNvbnRlbnQlMkZ1cGxvYWRzJTJGMjAyMSUyRjA0JTJGVklELTIwMjEwNDE4LVdBMDAwMC5tcDQlMjIlNUQ=[\/vc_raw_html][\/vc_column][\/vc_row][vc_row][vc_column][vc_gallery images=&#8221;2025,2026,2027,2086,2005,2088,2117,2097,2098,2100,2116,2131,2130,2129,2128,2127,2126,2123,2122,2182,2184,2188,2189,2187&#8243; img_size=&#8221;custom&#8221; img_size_custom=&#8221;100*100&#8243; css=&#8221;.vc_custom_1650262600543{background-position: 0 0 !important;background-repeat: repeat !important;}&#8221;][\/vc_column][\/vc_row]<\/p>\n","protected":false},"excerpt":{"rendered":"<p>[vc_row el_id=&#8221;first&#8221; bg_rain=&#8221;yes&#8221; content_width=&#8221;fullwidth&#8221; fullscreen=&#8221;yes&#8221; css=&#8221;.vc_custom_1618223780078{padding-top: 0px !important;padding-right: 0px !important;padding-bottom: 0px !important;padding-left: 0px !important;background-image: url(https:\/\/ayhanbalik.com\/wp-content\/uploads\/2021\/04\/ayhanbalik.jpg?id=2005) !important;}&#8221; fullwidth=&#8221;yes&#8221; row_width=&#8221;fullwidth&#8221;][vc_column][\/vc_column][\/vc_row][vc_row color_scheme=&#8221;white&#8221; css=&#8221;.vc_custom_1618171345220{padding-top: 0px !important;padding-bottom: 0px !important;background-color: #1f1f1f !important;}&#8221;][vc_column width=&#8221;1\/2&#8243;][\/vc_column][vc_column width=&#8221;1\/2&#8243;][vc_raw_html]JTNDQlIlM0UlM0MlMkZCUiUzRSUwQSUzQ0JSJTNFJTNDJTJGQlIlM0UlM0NwJTIwYWxpZ24lM0QlMjJyaWdodCUyMiUzRSUzQ3NjcmlwdCUyMGxhbmd1YWdlJTNEJTIySmF2YVNjcmlwdDEuMiUyMiUzRSUwQWZ1bmN0aW9uJTIwc2V0Y291bnR1cCUyOHRoZXllYXIlMkN0aGVtb250aCUyQ3RoZWRheSUyOSU3QiUwQXlyJTNEdGhleWVhciUzQm1vJTNEdGhlbW9udGglM0JkYSUzRHRoZWRheSUwQSU3RCUwQSUyRiUyRlRhcmloaSUyMGElQzUlOUZhJUM0JTlGJUM0JUIxZGFraSUyMHBhcmFudGV6bGVyJTIwaSVDMyVBN2luZSUyMHklQzQlQjFsJTJDYXklMkNnJUMzJUJDbiUyMG9sYXJhayUyMHlheiVDNCVCMW4uJTBBc2V0Y291bnR1cCUyODIwMjElMkMwNCUyQzEwJTI5JTIwJTBBdmFyJTIwZGlzcGxheW1lc3NhZ2UlM0QlMjIlMjBTZXZnaSUyQyUyMHNheWclQzQlQjElMjBtaW5uZXRsZSUyMHZlJTIwaGFzcmV0bGUlMjBhbiVDNCVCMXlvcnV6LiUyMiUwQXZhciUyMGNvdW50dXB3aWR0aCUzRCUyNzk1JTI1JTI3JTBBdmFyJTIwY291bnR1cGhlaWdodCUzRCUyNzIwcHglMjclMjAlMEF2YXIlMjBjb3VudHVwYmdjb2xvciUzRCUyN2FsdDElMjclMEF2YXIlMjBvcGVudGFncyUzRCUyNyUzQ3NwYW4lMjBjbGFzcyUzRCUyMml0YWxpYyUyMGJvbGQlMjIlM0UlMjclMEF2YXIlMjBjbG9zZXRhZ3MlM0QlMjclM0MlMkZzcGFuJTNFJTI3JTBBdmFyJTIwbW9udGhhcnJheSUzRG5ldyUyMEFycmF5JTI4JTIySmFuJTIyJTJDJTIyRmViJTIyJTJDJTIyTWFyJTIyJTJDJTIyQXByJTIyJTJDJTIyTWF5JTIyJTJDJTIySnVuJTIyJTJDJTIySnVsJTIyJTJDJTIyQXVnJTIyJTJDJTIyU2VwJTIyJTJDJTIyT2N0JTIyJTJDJTIyTm92JTIyJTJDJTIyRGVjJTIyJTI5JTBBdmFyJTIwY3Jvc3Njb3VudCUzRCUyNyUyNyUwQWZ1bmN0aW9uJTIwc3RhcnRfY291bnR1cCUyOCUyOSU3QiUwQWlmJTIwJTI4ZG9jdW1lbnQubGF5ZXJzJTI5JTBBZG9jdW1lbnQuY291bnR1cG5zbWFpbi52aXNpYmlsaXR5JTNEJTIyc2hvdyUyMiUwQWVsc2UlMjBpZiUyMCUyOGRvY3VtZW50LmFsbCU3QyU3Q2RvY3VtZW50LmdldEVsZW1lbnRCeUlkJTI5JTBBY3Jvc3Njb3VudCUzRGRvY3VtZW50LmdldEVsZW1lbnRCeUlkJTI2JTI2JTIxZG9jdW1lbnQuYWxsJTNGZG9jdW1lbnQuZ2V0RWxlbWVudEJ5SWQlMjglMjJjb3VudHVwaWUlMjIlMjklMjAlM0ElMjBjb3VudHVwaWUlMEFjb3VudHVwJTI4JTI5JTBBJTdEJTBBaWYlMjAlMjhkb2N1bWVudC5hbGwlN0MlN0Nkb2N1bWVudC5nZXRFbGVtZW50QnlJZCUyOSUwQWRvY3VtZW50LndyaXRlJTI4JTI3JTNDc3BhbiUyMGlkJTNEJTIyY291bnR1cGllJTIyJTIwc3R5bGUlM0QlMjJ3aWR0aCUzQSUyNyUyQmNvdW50dXB3aWR0aCUyQiUyNyUzQiUyMGJhY2tncm91bmQtY29sb3IlM0ElMjclMkJjb3VudHVwYmdjb2xvciUyQiUyNyUyMiUzRSUzQyUyRnNwYW4lM0UlMjclMjklMEF3aW5kb3cub25sb2FkJTNEc3RhcnRfY291bnR1cCUwQSUwQWZ1bmN0aW9uJTIwY291bnR1cCUyOCUyOSU3QiUwQXZhciUyMHRvZGF5JTNEbmV3JTIwRGF0ZSUyOCUyOSUwQXZhciUyMHRvZGF5eSUzRHRvZGF5LmdldFllYXIlMjglMjklMEFpZiUyMCUyOHRvZGF5eSUyMCUzQyUyMDEwMDAlMjklMEF0b2RheXklMkIlM0QxOTAwJTBBdmFyJTIwdG9kYXltJTNEdG9kYXkuZ2V0TW9udGglMjglMjklMEF2YXIlMjB0b2RheWQlM0R0b2RheS5nZXREYXRlJTI4JTI5JTBBdmFyJTIwdG9kYXloJTNEdG9kYXkuZ2V0SG91cnMlMjglMjklMEF2YXIlMjB0b2RheW1pbiUzRHRvZGF5LmdldE1pbnV0ZXMlMjglMjklMEF2YXIlMjB0b2RheXNlYyUzRHRvZGF5LmdldFNlY29uZHMlMjglMjklMEF2YXIlMjB0b2RheXN0cmluZyUzRG1vbnRoYXJyYXklNUJ0b2RheW0lNUQlMkIlMjIlMjAlMjIlMkJ0b2RheWQlMkIlMjIlMkMlMjAlMjIlMkJ0b2RheXklMkIlMjIlMjAlMjIlMkJ0b2RheWglMkIlMjIlM0ElMjIlMkJ0b2RheW1pbiUyQiUyMiUzQSUyMiUyQnRvZGF5c2VjJTBBcGFzdHN0cmluZyUzRG1vbnRoYXJyYXklNUJtby0xJTVEJTJCJTIyJTIwJTIyJTJCZGElMkIlMjIlMkMlMjAlMjIlMkJ5ciUwQWRkJTNERGF0ZS5wYXJzZSUyOHRvZGF5c3RyaW5nJTI5LURhdGUucGFyc2UlMjhwYXN0c3RyaW5nJTI5JTBBZGRheSUzRE1hdGguZmxvb3IlMjhkZCUyRiUyODYwJTJBNjAlMkExMDAwJTJBMjQlMjklMkExJTI5JTBBZGhvdXIlM0RNYXRoLmZsb29yJTI4JTI4ZGQlMjUlMjg2MCUyQTYwJTJBMTAwMCUyQTI0JTI5JTI5JTJGJTI4NjAlMkE2MCUyQTEwMDAlMjklMkExJTI5JTBBZG1pbiUzRE1hdGguZmxvb3IlMjglMjglMjhkZCUyNSUyODYwJTJBNjAlMkExMDAwJTJBMjQlMjklMjklMjUlMjg2MCUyQTYwJTJBMTAwMCUyOSUyOSUyRiUyODYwJTJBMTAwMCUyOSUyQTElMjklMEFkc2VjJTNETWF0aC5mbG9vciUyOCUyOCUyOCUyOGRkJTI1JTI4NjAlMkE2MCUyQTEwMDAlMkEyNCUyOSUyOSUyNSUyODYwJTJBNjAlMkExMDAwJTI5JTI5JTI1JTI4NjAlMkExMDAwJTI5JTI5JTJGMTAwMCUyQTElMjklMEFpZiUyMCUyOGRvY3VtZW50LmxheWVycyUyOSU3QiUwQWRvY3VtZW50LmNvdW50dXBuc21haW4uZG9jdW1lbnQuY291bnR1cG5zc3ViLmRvY3VtZW50LndyaXRlJTI4b3BlbnRhZ3MlMkJkZGF5JTJCJTIwJTIyZyVDMyVCQ24lMkMlMjAlMjIlMkJkaG91ciUyQiUyMiUyMHNhYXQlMkMlMjAlMjIlMkJkbWluJTJCJTIyJTIwJTIyJTJCZGlzcGxheW1lc3NhZ2UlMkJjbG9zZXRhZ3MlMjklMEFkb2N1bWVudC5jb3VudHVwbnNtYWluLmRvY3VtZW50LmNvdW50dXBuc3N1Yi5kb2N1bWVudC5jbG9zZSUyOCUyOSUwQSU3RCUwQWVsc2UlMjBpZiUyMCUyOGRvY3VtZW50LmFsbCU3QyU3Q2RvY3VtZW50LmdldEVsZW1lbnRCeUlkJTI5JTBBY3Jvc3Njb3VudC5pbm5lckhUTUwlM0RvcGVudGFncyUyQmRkYXklMkIlMjAlMjIlMjBHJUMzJUJDbiUyQyUyMCUyMiUyQmRob3VyJTJCJTIyJTIwU2FhdCUyQyUyMCUyMiUyQmRtaW4lMkIlMjIlMjBEYWtpa2FkJUM0JUIxciUyMCUyMiUyQmRpc3BsYXltZXNzYWdlJTJCY2xvc2V0YWdzJTBBc2V0VGltZW91dCUyOCUyMmNvdW50dXAlMjglMjklMjIlMkMxMDAwJTI5JTBBJTdEJTBBJTNDJTJGc2NyaXB0JTNFJTNDJTJGcCUzRQ==[\/vc_raw_html][\/vc_column][\/vc_row][vc_row el_id=&#8221;about&#8221;][vc_column width=&#8221;1\/2&#8243;][vc_column_text] SAYIN AYHAN BALIK AYHAN BALIK 16 Aral\u0131k 1963 tarihinde Amasya\u2019da d\u00fcnyaya gelmi\u015ftir. 1979 y\u0131l\u0131nda Merzifon End\u00fcstri Meslek Lisesi A\u011fa\u00e7 \u0130\u015fleri B\u00f6l\u00fcm\u00fcnden mezun olan BALIK T\u00fcrk Hava Yollar\u0131 Teknik A.\u015e. ailesine 1986 y\u0131l\u0131nda teknisyen olarak kat\u0131lm\u0131\u015ft\u0131r. AYHAN BALIK, kabin i\u00e7i at\u00f6lyesinin [&hellip;]<\/p>\n","protected":false},"author":1,"featured_media":0,"parent":0,"menu_order":0,"comment_status":"open","ping_status":"open","template":"","meta":[],"_links":{"self":[{"href":"https:\/\/ayhanbalik.com\/index.php\/wp-json\/wp\/v2\/pages\/978"}],"collection":[{"href":"https:\/\/ayhanbalik.com\/index.php\/wp-json\/wp\/v2\/pages"}],"about":[{"href":"https:\/\/ayhanbalik.com\/index.php\/wp-json\/wp\/v2\/types\/page"}],"author":[{"embeddable":true,"href":"https:\/\/ayhanbalik.com\/index.php\/wp-json\/wp\/v2\/users\/1"}],"replies":[{"embeddable":true,"href":"https:\/\/ayhanbalik.com\/index.php\/wp-json\/wp\/v2\/comments?post=978"}],"version-history":[{"count":131,"href":"https:\/\/ayhanbalik.com\/index.php\/wp-json\/wp\/v2\/pages\/978\/revisions"}],"predecessor-version":[{"id":2192,"href":"https:\/\/ayhanbalik.com\/index.php\/wp-json\/wp\/v2\/pages\/978\/revisions\/2192"}],"wp:attachment":[{"href":"https:\/\/ayhanbalik.com\/index.php\/wp-json\/wp\/v2\/media?parent=978"}],"curies":[{"name":"wp","href":"https:\/\/api.w.org\/{rel}","templated":true}]}}